{"id":8942,"date":"2025-04-17T12:17:10","date_gmt":"2025-04-17T10:17:10","guid":{"rendered":"https:\/\/jamonesmiguelmunoz.com\/politica-de-privadesa\/"},"modified":"2025-05-30T12:32:14","modified_gmt":"2025-05-30T10:32:14","slug":"politica-de-privadesa","status":"publish","type":"page","link":"https:\/\/jamonesmiguelmunoz.com\/ca\/politica-de-privadesa\/","title":{"rendered":"Pol\u00edtica de privadesa"},"content":{"rendered":"\t\t<div data-elementor-type=\"wp-page\" data-elementor-id=\"8942\" class=\"elementor elementor-8942 elementor-8863\" data-elementor-post-type=\"page\">\n\t\t\t\t<div class=\"elementor-element elementor-element-f6ad87e e-flex e-con-boxed elementor-repeater-item-default_padding sk-none elementor-repeater-item-none elementor-repeater-item-none_hover e-con e-parent\" data-id=\"f6ad87e\" data-element_type=\"container\" data-e-type=\"container\" data-settings=\"{&quot;background_background&quot;:&quot;classic&quot;,&quot;ang_container_spacing_size&quot;:&quot;default_padding&quot;}\">\n\t\t\t\t\t<div class=\"e-con-inner\">\n\t\t\t\t<div class=\"elementor-element elementor-element-eea3eee elementor-repeater-item-none elementor-repeater-item-none_hover elementor-widget elementor-widget-heading\" data-id=\"eea3eee\" data-element_type=\"widget\" data-e-type=\"widget\" data-widget_type=\"heading.default\">\n\t\t\t\t<div class=\"elementor-widget-container\">\n\t\t\t\t\t<h2 class=\"elementor-heading-title elementor-size-default\">Pol\u00edtica de privadesa<\/h2>\t\t\t\t<\/div>\n\t\t\t\t<\/div>\n\t\t\t\t\t<\/div>\n\t\t\t\t<\/div>\n\t\t<div class=\"elementor-element elementor-element-20af6330 e-flex e-con-boxed elementor-repeater-item-default_padding elementor-repeater-item-none elementor-repeater-item-none_hover e-con e-parent\" data-id=\"20af6330\" data-element_type=\"container\" data-e-type=\"container\" data-settings=\"{&quot;ang_container_spacing_size&quot;:&quot;default_padding&quot;}\">\n\t\t\t\t\t<div class=\"e-con-inner\">\n\t\t\t\t<div class=\"elementor-element elementor-element-11117371 elementor-repeater-item-none elementor-repeater-item-none_hover elementor-widget elementor-widget-text-editor\" data-id=\"11117371\" data-element_type=\"widget\" data-e-type=\"widget\" data-widget_type=\"text-editor.default\">\n\t\t\t\t<div class=\"elementor-widget-container\">\n\t\t\t\t\t\t\t\t\t<h2><strong>Avis Legal<\/strong><\/h2>\n<h5><b>Identificaci\u00f3 i Titularitat<\/b><\/h5>\n<p><span style=\"font-weight: 400\">En compliment de l&#8217;article 10 de la Llei 34\/2002, d&#8217;11 de juliol, de serveis de la Societat de la Informaci\u00f3 i Comer\u00e7 Electr\u00f2nic, el Titular exposa les seves dades identificatives:<\/span><\/p>\n<p><strong>Titular: MIGUEL MU\u00d1OZ GONZALEZ<br \/>NIF: 80029910F<br \/>Domicili: CARRER ALCOLEA, 71 &#8211; 08014 BARCELONA.<br \/>Correu electr\u00f2nic: <a href=\"mailto:sergi_munyi89@hotmail.com\" target=\"_blank\" rel=\"noopener noreferrer\">sergi_munyi89@hotmail.com<\/a><br \/>Lloc Web: https:\/\/jamonesmiguelmunoz.com<\/strong><\/p>\n<h5><b>Finalitat<\/b><\/h5>\n<p><span style=\"font-weight: 400\">La finalitat del Lloc Web \u00e9s: <\/span><strong>Exposici\u00f3 de la Marca.<\/strong><\/p>\n<h5><b>Condicions d&#8217;\u00fas<\/b><\/h5>\n<p><span style=\"font-weight: 400\">La utilitzaci\u00f3 del Lloc Web us atorga la condici\u00f3 d&#8217;Usuari, i implica l&#8217;acceptaci\u00f3 completa de totes les cl\u00e0usules i condicions d&#8217;\u00fas incloses a les p\u00e0gines:<\/span><\/p>\n<ul>\n<li style=\"font-weight: 400\"><span style=\"font-weight: 400\">Av\u00eds Legal<\/span><\/li>\n<li style=\"font-weight: 400\"><span style=\"font-weight: 400\">Pol\u00edtica de Cookies<\/span><\/li>\n<\/ul>\n<p><span style=\"font-weight: 400\">Si no estigueu d&#8217;acord amb totes i cadascuna d&#8217;aquestes cl\u00e0usules i condicions abstingueu-vos d&#8217;utilitzar el Lloc Web.<\/span><span style=\"font-weight: 400\"><br \/><\/span><span style=\"font-weight: 400\">L&#8217;acc\u00e9s al Lloc Web no suposa, de cap manera, l&#8217;inici d&#8217;una relaci\u00f3 comercial amb el Titular.<\/span><span style=\"font-weight: 400\"><br \/><\/span><span style=\"font-weight: 400\">A trav\u00e9s del Lloc Web, el Titular us facilita l&#8217;acc\u00e9s i la utilitzaci\u00f3 de diversos continguts que el Titular i\/o els seus col\u00b7laboradors han publicat per mitj\u00e0 d&#8217;Internet. A aquest efecte, est\u00e0 obligat i comprom\u00e8s a NO utilitzar qualsevol dels continguts del Lloc Web amb fins o efectes il\u00b7l\u00edcits, prohibits en aquest Av\u00eds Legal o per la legislaci\u00f3 vigent, lesius dels drets i interessos de tercers, o que de qualsevol manera puguin danyar, inutilitzar, sobrecarregar, deteriorar o impedir la normal utilitzaci\u00f3 dels continguts, els equips inform\u00e0tics propis o contractats pel titular, d&#8217;altres usuaris o de qualsevol usuari d&#8217;Internet. <\/span><\/p>\n<h5> <\/h5>\n<h5><b>Majoria d&#8217;edat<\/b><\/h5>\n<p><span style=\"font-weight: 400\">Heu de tenir almenys 18 anys d&#8217;edat per utilitzar els serveis oferts pel Titular o la majoria d&#8217;edat que requereixi el vostre pa\u00eds per registrar-vos al Lloc Web o utilitzar-lo. Si residiu en un pa\u00eds que no pertanyi a la Uni\u00f3 Europea, heu de tenir almenys 13 anys d&#8217;edat per utilitzar el lloc web o la majoria d&#8217;edat que es requereixi el vostre pa\u00eds per registrar-se al lloc web o utilitzar-lo. A m\u00e9s de tenir ledat m\u00ednima requerida per utilitzar el lloc web en virtut de la llei aplicable, si no t\u00e9 ledat suficient per poder les condicions al seu pa\u00eds, el seu pare, mare, o tutor han dacceptar les condicions en nom seu.  <\/span><\/p>\n<h5><b>Mesures de seguretat<\/b><\/h5>\n<p><span style=\"font-weight: 400\">Les dades personals que faciliti al Titular poden ser emmagatzemades en bases de dades automatitzades o no, la titularitat de les quals correspon en exclusiva al Titular, que assumeix totes les mesures d&#8217;\u00edndole t\u00e8cnica, organitzativa i de seguretat que garanteixen la confidencialitat, integritat i qualitat de la informaci\u00f3 continguda en aquestes d&#8217;acord amb el que estableix la normativa vigent en protecci\u00f3 de dades.<\/span><span style=\"font-weight: 400\"><br \/><\/span><span style=\"font-weight: 400\">No obstant aix\u00f2, ha de ser conscient que les mesures de seguretat dels sistemes inform\u00e0tics a Internet no s\u00f3n enterament fiables i que, per tant, el Titular no pot garantir la inexist\u00e8ncia de virus o altres elements que puguin produir alteracions en els sistemes inform\u00e0tics (software i hardware) de l&#8217;Usuari o en els seus documents electr\u00f2nics i fitxers continguts en aquests, encara que el Titular hi posa tots els elements nocius.<\/span><\/p>\n<h5><b>Continguts<\/b><\/h5>\n<p><span style=\"font-weight: 400\">El Titular ha obtingut la informaci\u00f3, el contingut multim\u00e8dia i els materials inclosos al Lloc Web de fonts que considera fiables, per\u00f2 si b\u00e9 ha pres totes les mesures raonables per assegurar que la informaci\u00f3 continguda \u00e9s correcta, el Titular no garanteix que sigui exacta, completa o actualitzada. El Titular declina expressament qualsevol responsabilitat per error o omissi\u00f3 en la informaci\u00f3 continguda a les p\u00e0gines del Lloc Web. <\/span><span style=\"font-weight: 400\"><br \/><\/span><span style=\"font-weight: 400\">Queda prohibit transmetre o enviar a trav\u00e9s del Lloc Web qualsevol contingut il\u00b7legal o il\u00b7l\u00edcit, virus inform\u00e0tics, o missatges que, en general, afectin o violin drets del Titular o de tercers<\/span><span style=\"font-weight: 400\"><br \/><\/span><span style=\"font-weight: 400\">Els continguts del Lloc Web tenen \u00fanicament una finalitat informativa i sota cap circumst\u00e0ncia s&#8217;han d&#8217;usar ni considerar com a oferta de venda, sol\u00b7licitud d&#8217;una oferta de compra ni recomanaci\u00f3 per fer qualsevol altra operaci\u00f3, llevat que aix\u00ed s&#8217;indiqui expressament.<\/span><span style=\"font-weight: 400\"><br \/><\/span><span style=\"font-weight: 400\">El Titular es reserva el dret a modificar, suspendre, cancel\u00b7lar o restringir el contingut del Lloc Web, els enlla\u00e7os o la informaci\u00f3 obtinguda a trav\u00e9s del Lloc Web, sense necessitat de previ av\u00eds.<\/span><span style=\"font-weight: 400\"><br \/><\/span><span style=\"font-weight: 400\">El Titular no \u00e9s responsable dels danys i perjudicis que es puguin derivar de la utilitzaci\u00f3 de la informaci\u00f3 del Lloc Web.<\/span><\/p>\n<h5><b>Pol\u00edtica de cookies<\/b><\/h5>\n<p><span style=\"font-weight: 400\">Podeu consultar tota la informaci\u00f3 relativa a la pol\u00edtica de recollida i tractament de les cookies a la p\u00e0gina de Pol\u00edtica de Cookies.<\/span><\/p>\n<h5><b>Enlla\u00e7os a altres llocs web<\/b><\/h5>\n<p><span style=\"font-weight: 400\">El Titular pot proporcionar-li acc\u00e9s a llocs web de tercers mitjan\u00e7ant enlla\u00e7os amb la finalitat exclusiva d&#8217;informar sobre l&#8217;exist\u00e8ncia d&#8217;altres fonts d&#8217;informaci\u00f3 a Internet on podr\u00e0 ampliar les dades ofertes al Lloc Web. Aquests enlla\u00e7os a altres llocs web no suposen en cap cas un suggeriment o recomanaci\u00f3 perqu\u00e8 visiteu les p\u00e0gines web de destinaci\u00f3, que estan fora del control del Titular, per la qual cosa el Titular no \u00e9s responsable del contingut dels llocs web vinculats ni del resultat que obtingui en seguir els enlla\u00e7os. Aix\u00ed mateix, el Titular no respon dels links o enlla\u00e7os ubicats als llocs web vinculats als quals li proporciona acc\u00e9s.  <\/span><span style=\"font-weight: 400\"><br \/><\/span><span style=\"font-weight: 400\">L&#8217;establiment de l&#8217;enlla\u00e7 no implica en cap cas l&#8217;exist\u00e8ncia de relacions entre el titular i el propietari del lloc on s&#8217;estableixi l&#8217;enlla\u00e7, ni l&#8217;acceptaci\u00f3 o l&#8217;aprovaci\u00f3 per part del titular dels seus continguts o serveis.<\/span><span style=\"font-weight: 400\"><br \/><\/span><span style=\"font-weight: 400\">Si accediu a un lloc web extern des d&#8217;un enlla\u00e7 que trobeu al Lloc Web, heu de llegir la pr\u00f2pia pol\u00edtica de privadesa de l&#8217;altre lloc web que pot ser diferent de la d&#8217;aquest lloc web.<\/span><\/p>\n<h5><b>Propietat intel\u00b7lectual i industrial<\/b><\/h5>\n<p><span style=\"font-weight: 400\">Tots els drets estan reservats.<\/span><span style=\"font-weight: 400\"><br \/><\/span><span style=\"font-weight: 400\">Tot acc\u00e9s a aquest Lloc Web est\u00e0 subjecte a les condicions seg\u00fcents: la reproducci\u00f3, emmagatzematge permanent i la difusi\u00f3 dels continguts o qualsevol altre \u00fas que tingui finalitat p\u00fablica o comercial queda expressament prohibida sense el consentiment previ expr\u00e9s i per escrit del Titular.<\/span><\/p>\n<h5><b>Limitaci\u00f3 de responsabilitat<\/b><\/h5>\n<p><span style=\"font-weight: 400\">La informaci\u00f3 i els serveis inclosos o disponibles a trav\u00e9s del Lloc Web poden incloure incorreccions o errors tipogr\u00e0fics. De forma peri\u00f2dica el Titular incorpora millores i\/o canvis a la informaci\u00f3 continguda i\/o als serveis que pot introduir en qualsevol moment. El Titular no declara ni garanteix que els serveis o continguts siguin interromputs o que estiguin lliures derrors, que els defectes siguin corregits, o que el servei o el servidor que el posa a disposici\u00f3 estiguin lliures de virus o altres components nocius sense perjudici que el Titular realitza tots els esfor\u00e7os a evitar aquest tipus dincidents.  <\/span><span style=\"font-weight: 400\"><br \/><\/span><span style=\"font-weight: 400\">El Titular declina qualsevol responsabilitat en cas que hi hagi interrupcions o un mal funcionament dels serveis o continguts oferts a Internet, sigui quina sigui la seva causa. Aix\u00ed mateix, el Titular no es fa responsable per caigudes de la xarxa, p\u00e8rdues de negoci a conseq\u00fc\u00e8ncia de les caigudes esmentades, suspensions temporals de fluid el\u00e8ctric o qualsevol altre tipus de dany indirecte que et pugui ser causat per causes alienes al Titular. Abans de prendre decisions i\/o accions en base a la informaci\u00f3 inclosa al Lloc Web, el Titular us recomana comprovar i contrastar la informaci\u00f3 rebuda amb altres fonts.  <\/span><\/p>\n<h5><b>Jurisdicci\u00f3<\/b><\/h5>\n<p><span style=\"font-weight: 400\">Aquest Av\u00eds Legal es regeix \u00edntegrament per la legislaci\u00f3 espanyola.<\/span><span style=\"font-weight: 400\"><br \/><\/span><span style=\"font-weight: 400\">Sempre que no hi hagi una norma que obligui una altra cosa, per a totes les q\u00fcestions que se suscitin sobre la interpretaci\u00f3, l&#8217;aplicaci\u00f3 i el compliment d&#8217;aquest Av\u00eds Legal, aix\u00ed com de les reclamacions que puguin derivar-se del seu \u00fas, les parts acorden sotmetre&#8217;s als jutges i tribunals de la prov\u00edncia de Cadis, amb ren\u00fancia expressa de qualsevol altra jurisdicci\u00f3 que els pugui correspondre.<\/span><\/p>\n<h5><b>Contacte<\/b><\/h5>\n<p><span style=\"font-weight: 400\">En cas que tingueu qualsevol dubte sobre aquest Av\u00eds Legal o vulgueu realitzar qualsevol comentari sobre el Lloc Web, podeu enviar un missatge de correu electr\u00f2nic a l&#8217;adre\u00e7a: <a href=\"mailto:sergi_munyi89@hotmail.com\" target=\"_blank\" rel=\"noopener noreferrer\">sergi_munyi89@hotmail.com<\/a><\/span><\/p>\n\t\t\t\t\t\t\t\t<\/div>\n\t\t\t\t<\/div>\n\t\t\t\t\t<\/div>\n\t\t\t\t<\/div>\n\t\t\t\t<\/div>\n\t\t","protected":false},"excerpt":{"rendered":"<p>Pol\u00edtica de privadesa Avis Legal Identificaci\u00f3 i Titularitat En compliment de l&#8217;article 10 de la Llei 34\/2002, d&#8217;11 de juliol, de serveis de la Societat de la Informaci\u00f3 i Comer\u00e7 Electr\u00f2nic, el Titular exposa les seves dades identificatives: Titular: MIGUEL MU\u00d1OZ GONZALEZNIF: 80029910FDomicili: CARRER ALCOLEA, 71 &#8211; 08014 BARCELONA.Correu electr\u00f2nic: sergi_munyi89@hotmail.comLloc Web: https:\/\/jamonesmiguelmunoz.com Finalitat La &#8230; <a title=\"Pol\u00edtica de privadesa\" class=\"read-more\" href=\"https:\/\/jamonesmiguelmunoz.com\/ca\/politica-de-privadesa\/\" aria-label=\"M\u00e9s informaci\u00f3 sobre Pol\u00edtica de privadesa\">Llegiu m\u00e9s<\/a><\/p>\n","protected":false},"author":277,"featured_media":0,"parent":0,"menu_order":0,"comment_status":"closed","ping_status":"open","template":"elementor_header_footer","meta":{"_acf_changed":false,"footnotes":""},"class_list":["post-8942","page","type-page","status-publish"],"yoast_head":"<!-- This site is optimized with the Yoast SEO plugin v27.5 - https:\/\/yoast.com\/product\/yoast-seo-wordpress\/ -->\n<title>Pol\u00edtica de privadesa - Jamones Miguel Mu\u00f1oz<\/title>\n<meta name=\"robots\" content=\"index, follow, max-snippet:-1, max-image-preview:large, max-video-preview:-1\" \/>\n<link rel=\"canonical\" href=\"https:\/\/jamonesmiguelmunoz.com\/ca\/politica-de-privadesa\/\" \/>\n<meta property=\"og:locale\" content=\"ca_ES\" \/>\n<meta property=\"og:type\" content=\"article\" \/>\n<meta property=\"og:title\" content=\"Pol\u00edtica de privadesa - Jamones Miguel Mu\u00f1oz\" \/>\n<meta property=\"og:description\" content=\"Pol\u00edtica de privadesa Avis Legal Identificaci\u00f3 i Titularitat En compliment de l&#8217;article 10 de la Llei 34\/2002, d&#8217;11 de juliol, de serveis de la Societat de la Informaci\u00f3 i Comer\u00e7 Electr\u00f2nic, el Titular exposa les seves dades identificatives: Titular: MIGUEL MU\u00d1OZ GONZALEZNIF: 80029910FDomicili: CARRER ALCOLEA, 71 &#8211; 08014 BARCELONA.Correu electr\u00f2nic: sergi_munyi89@hotmail.comLloc Web: https:\/\/jamonesmiguelmunoz.com Finalitat La ... Llegiu m\u00e9s\" \/>\n<meta property=\"og:url\" content=\"https:\/\/jamonesmiguelmunoz.com\/ca\/politica-de-privadesa\/\" \/>\n<meta property=\"og:site_name\" content=\"Jamones Miguel Mu\u00f1oz\" \/>\n<meta property=\"article:modified_time\" content=\"2025-05-30T10:32:14+00:00\" \/>\n<meta name=\"twitter:card\" content=\"summary_large_image\" \/>\n<meta name=\"twitter:label1\" content=\"Temps estimat de lectura\" \/>\n\t<meta name=\"twitter:data1\" content=\"7 minuts\" \/>\n<script type=\"application\/ld+json\" class=\"yoast-schema-graph\">{\"@context\":\"https:\\\/\\\/schema.org\",\"@graph\":[{\"@type\":\"WebPage\",\"@id\":\"https:\\\/\\\/jamonesmiguelmunoz.com\\\/ca\\\/politica-de-privadesa\\\/\",\"url\":\"https:\\\/\\\/jamonesmiguelmunoz.com\\\/ca\\\/politica-de-privadesa\\\/\",\"name\":\"Pol\u00edtica de privadesa - Jamones Miguel Mu\u00f1oz\",\"isPartOf\":{\"@id\":\"https:\\\/\\\/jamonesmiguelmunoz.com\\\/ca\\\/#website\"},\"datePublished\":\"2025-04-17T10:17:10+00:00\",\"dateModified\":\"2025-05-30T10:32:14+00:00\",\"breadcrumb\":{\"@id\":\"https:\\\/\\\/jamonesmiguelmunoz.com\\\/ca\\\/politica-de-privadesa\\\/#breadcrumb\"},\"inLanguage\":\"ca\",\"potentialAction\":[{\"@type\":\"ReadAction\",\"target\":[\"https:\\\/\\\/jamonesmiguelmunoz.com\\\/ca\\\/politica-de-privadesa\\\/\"]}]},{\"@type\":\"BreadcrumbList\",\"@id\":\"https:\\\/\\\/jamonesmiguelmunoz.com\\\/ca\\\/politica-de-privadesa\\\/#breadcrumb\",\"itemListElement\":[{\"@type\":\"ListItem\",\"position\":1,\"name\":\"Home\",\"item\":\"https:\\\/\\\/jamonesmiguelmunoz.com\\\/ca\\\/inici\\\/\"},{\"@type\":\"ListItem\",\"position\":2,\"name\":\"Pol\u00edtica de privadesa\"}]},{\"@type\":\"WebSite\",\"@id\":\"https:\\\/\\\/jamonesmiguelmunoz.com\\\/ca\\\/#website\",\"url\":\"https:\\\/\\\/jamonesmiguelmunoz.com\\\/ca\\\/\",\"name\":\"Jamones Miguel Mu\u00f1oz\",\"description\":\"Comercio al por mayor de carne y productos c\u00e1rnicos.\",\"publisher\":{\"@id\":\"https:\\\/\\\/jamonesmiguelmunoz.com\\\/ca\\\/#organization\"},\"potentialAction\":[{\"@type\":\"SearchAction\",\"target\":{\"@type\":\"EntryPoint\",\"urlTemplate\":\"https:\\\/\\\/jamonesmiguelmunoz.com\\\/ca\\\/?s={search_term_string}\"},\"query-input\":{\"@type\":\"PropertyValueSpecification\",\"valueRequired\":true,\"valueName\":\"search_term_string\"}}],\"inLanguage\":\"ca\"},{\"@type\":\"Organization\",\"@id\":\"https:\\\/\\\/jamonesmiguelmunoz.com\\\/ca\\\/#organization\",\"name\":\"Jamones Miguel Mu\u00f1oz\",\"url\":\"https:\\\/\\\/jamonesmiguelmunoz.com\\\/ca\\\/\",\"logo\":{\"@type\":\"ImageObject\",\"inLanguage\":\"ca\",\"@id\":\"https:\\\/\\\/jamonesmiguelmunoz.com\\\/ca\\\/#\\\/schema\\\/logo\\\/image\\\/\",\"url\":\"https:\\\/\\\/jamonesmiguelmunoz.com\\\/wp-content\\\/uploads\\\/sites\\\/210\\\/2024\\\/05\\\/IMG_5467-removebg-preview.png\",\"contentUrl\":\"https:\\\/\\\/jamonesmiguelmunoz.com\\\/wp-content\\\/uploads\\\/sites\\\/210\\\/2024\\\/05\\\/IMG_5467-removebg-preview.png\",\"width\":498,\"height\":354,\"caption\":\"Jamones Miguel Mu\u00f1oz\"},\"image\":{\"@id\":\"https:\\\/\\\/jamonesmiguelmunoz.com\\\/ca\\\/#\\\/schema\\\/logo\\\/image\\\/\"}}]}<\/script>\n<!-- \/ Yoast SEO plugin. -->","yoast_head_json":{"title":"Pol\u00edtica de privadesa - Jamones Miguel Mu\u00f1oz","robots":{"index":"index","follow":"follow","max-snippet":"max-snippet:-1","max-image-preview":"max-image-preview:large","max-video-preview":"max-video-preview:-1"},"canonical":"https:\/\/jamonesmiguelmunoz.com\/ca\/politica-de-privadesa\/","og_locale":"ca_ES","og_type":"article","og_title":"Pol\u00edtica de privadesa - Jamones Miguel Mu\u00f1oz","og_description":"Pol\u00edtica de privadesa Avis Legal Identificaci\u00f3 i Titularitat En compliment de l&#8217;article 10 de la Llei 34\/2002, d&#8217;11 de juliol, de serveis de la Societat de la Informaci\u00f3 i Comer\u00e7 Electr\u00f2nic, el Titular exposa les seves dades identificatives: Titular: MIGUEL MU\u00d1OZ GONZALEZNIF: 80029910FDomicili: CARRER ALCOLEA, 71 &#8211; 08014 BARCELONA.Correu electr\u00f2nic: sergi_munyi89@hotmail.comLloc Web: https:\/\/jamonesmiguelmunoz.com Finalitat La ... Llegiu m\u00e9s","og_url":"https:\/\/jamonesmiguelmunoz.com\/ca\/politica-de-privadesa\/","og_site_name":"Jamones Miguel Mu\u00f1oz","article_modified_time":"2025-05-30T10:32:14+00:00","twitter_card":"summary_large_image","twitter_misc":{"Temps estimat de lectura":"7 minuts"},"schema":{"@context":"https:\/\/schema.org","@graph":[{"@type":"WebPage","@id":"https:\/\/jamonesmiguelmunoz.com\/ca\/politica-de-privadesa\/","url":"https:\/\/jamonesmiguelmunoz.com\/ca\/politica-de-privadesa\/","name":"Pol\u00edtica de privadesa - Jamones Miguel Mu\u00f1oz","isPartOf":{"@id":"https:\/\/jamonesmiguelmunoz.com\/ca\/#website"},"datePublished":"2025-04-17T10:17:10+00:00","dateModified":"2025-05-30T10:32:14+00:00","breadcrumb":{"@id":"https:\/\/jamonesmiguelmunoz.com\/ca\/politica-de-privadesa\/#breadcrumb"},"inLanguage":"ca","potentialAction":[{"@type":"ReadAction","target":["https:\/\/jamonesmiguelmunoz.com\/ca\/politica-de-privadesa\/"]}]},{"@type":"BreadcrumbList","@id":"https:\/\/jamonesmiguelmunoz.com\/ca\/politica-de-privadesa\/#breadcrumb","itemListElement":[{"@type":"ListItem","position":1,"name":"Home","item":"https:\/\/jamonesmiguelmunoz.com\/ca\/inici\/"},{"@type":"ListItem","position":2,"name":"Pol\u00edtica de privadesa"}]},{"@type":"WebSite","@id":"https:\/\/jamonesmiguelmunoz.com\/ca\/#website","url":"https:\/\/jamonesmiguelmunoz.com\/ca\/","name":"Jamones Miguel Mu\u00f1oz","description":"Comercio al por mayor de carne y productos c\u00e1rnicos.","publisher":{"@id":"https:\/\/jamonesmiguelmunoz.com\/ca\/#organization"},"potentialAction":[{"@type":"SearchAction","target":{"@type":"EntryPoint","urlTemplate":"https:\/\/jamonesmiguelmunoz.com\/ca\/?s={search_term_string}"},"query-input":{"@type":"PropertyValueSpecification","valueRequired":true,"valueName":"search_term_string"}}],"inLanguage":"ca"},{"@type":"Organization","@id":"https:\/\/jamonesmiguelmunoz.com\/ca\/#organization","name":"Jamones Miguel Mu\u00f1oz","url":"https:\/\/jamonesmiguelmunoz.com\/ca\/","logo":{"@type":"ImageObject","inLanguage":"ca","@id":"https:\/\/jamonesmiguelmunoz.com\/ca\/#\/schema\/logo\/image\/","url":"https:\/\/jamonesmiguelmunoz.com\/wp-content\/uploads\/sites\/210\/2024\/05\/IMG_5467-removebg-preview.png","contentUrl":"https:\/\/jamonesmiguelmunoz.com\/wp-content\/uploads\/sites\/210\/2024\/05\/IMG_5467-removebg-preview.png","width":498,"height":354,"caption":"Jamones Miguel Mu\u00f1oz"},"image":{"@id":"https:\/\/jamonesmiguelmunoz.com\/ca\/#\/schema\/logo\/image\/"}}]}},"acf":[],"_links":{"self":[{"href":"https:\/\/jamonesmiguelmunoz.com\/ca\/wp-json\/wp\/v2\/pages\/8942","targetHints":{"allow":["GET"]}}],"collection":[{"href":"https:\/\/jamonesmiguelmunoz.com\/ca\/wp-json\/wp\/v2\/pages"}],"about":[{"href":"https:\/\/jamonesmiguelmunoz.com\/ca\/wp-json\/wp\/v2\/types\/page"}],"author":[{"embeddable":true,"href":"https:\/\/jamonesmiguelmunoz.com\/ca\/wp-json\/wp\/v2\/users\/277"}],"replies":[{"embeddable":true,"href":"https:\/\/jamonesmiguelmunoz.com\/ca\/wp-json\/wp\/v2\/comments?post=8942"}],"version-history":[{"count":0,"href":"https:\/\/jamonesmiguelmunoz.com\/ca\/wp-json\/wp\/v2\/pages\/8942\/revisions"}],"wp:attachment":[{"href":"https:\/\/jamonesmiguelmunoz.com\/ca\/wp-json\/wp\/v2\/media?parent=8942"}],"curies":[{"name":"wp","href":"https:\/\/api.w.org\/{rel}","templated":true}]}}